{"id":476,"date":"2022-11-23T07:11:37","date_gmt":"2022-11-23T06:11:37","guid":{"rendered":"https:\/\/bakarmet.eu\/?page_id=476"},"modified":"2022-11-23T07:44:56","modified_gmt":"2022-11-23T06:44:56","slug":"uvijeti-koristenja","status":"publish","type":"page","link":"https:\/\/bakarmet.eu\/?page_id=476","title":{"rendered":"Uvijeti kori\u0161tenja"},"content":{"rendered":"\r\n<h2 class=\"wp-block-heading\">Uvjeti kori\u0161tenja<\/h2>\r\n<p>Dobrodo\u0161li na Bakarmet.eu, servis na kojem mo\u017eete prona\u0107i informacije iz podru\u010dja meteorologije i srodnih znanosti. Uvjeti kori\u0161tenja primjenjuju se na sve sadr\u017eaje i usluge Bakarmet.eu portala. Kori\u0161tenjem portala smatra se da su korisnici upoznati s ovim uvjetima te prihva\u0107aju koristiti sadr\u017eaj ove web stranice isklju\u010divo za osobnu uporabu i na vlastitu odgovornost.<\/p>\r\n<h2>Op\u0107i uvjeti<\/h2>\r\n<p><br \/>Kori\u0161tenjem podataka ili usluga smatra se da su korisnici u svakom trenutku upoznati s uvjetima kori\u0161tenja, da ih razumiju i u potpunosti prihva\u0107aju. Pristupanjem portalu korisnici prihva\u0107aju i odredbe u vezi kola\u010di\u0107a;<br \/>Podaci koje publicira Bakarmet.eu isklju\u010divo su informativne naravi. Bakarmet.eu ne jam\u010di preciznost podataka, kao ni redovito obnavljanje sadr\u017eaja. Sve podatke i informacije koristite na vlastitu odgovornost;<br \/>Sadr\u017eaj ili dijelovi sadr\u017eaja koji se nalaze na portalu ne smiju se koristiti u komercijalne svrhe bez prethodnog dogovora sa Bakarmet.eu;<br \/>Strogo se zabranjuje kori\u0161tenja materijala, autorskih tekstova, prognoze, podataka, fotografija i dijelova web stranice (baze podatka, programski kodovi) bez izri\u010ditog pristanka Bakarmet.eu;<br \/>Neovla\u0161teno kori\u0161tenje dijelova portala s autorskim sadr\u017eajem predstavlja kr\u0161enje autorskih prava;<br \/>Bakarmet.eu nije odgovoran za neprikladno ili protuzakonito pona\u0161anje korisnika, kao ni za sadr\u017eaj koji se objavljuje u komentarima na portalu. Sadr\u017eaj kojeg Bakarmet.eu smatra neprikladnim, uklonit \u0107e na temelju vlastite procjene, bez prethodne obavijesti u \u0161to kra\u0107em vremenu nakon uo\u010davanja neprikladnog sadr\u017eaja;<br \/>Bakarmet.eu nije odgovoran za \u0161tete koje mogu nastati protupravnim kori\u0161tenjem portala ili njegovih dijelova od tre\u0107e strane;<br \/>Uvjeti kori\u0161tenja mogu se naknadno mijenjati bez prethodne najave na portalu, a Bakarmet.eu ne\u0107e biti odgovoran za mogu\u0107e posljedice tih promjena.<\/p>\r\n<h2><br \/>Kola\u010di\u0107i<\/h2>\r\n<p><br \/>U svrhu funkcionalnosti portala Bakarmet.eu koristi kola\u010di\u0107e. Nastavkom kori\u0161tenja portala sla\u017eete se s politikom kola\u010di\u0107a.<br \/>Kola\u010di\u0107i (cookies) su male datoteke koje internetski preglednici spremaju na ra\u010dunalo pri pristupanju web stranicama kako bi se omogu\u0107ila dodatna funkcionalnost tih stranica.<br \/>Kola\u010di\u0107e koristimo u svrhu pobolj\u0161anja korisni\u010dkog iskustva, pra\u0107enja posje\u0107enosti portala i prometa uz pomo\u0107 alata tre\u0107ih strana (Google).<br \/>Funkcionalnost kola\u010di\u0107a mo\u017eete mijenjati u vlastitom pregledniku, no tada ne jam\u010dimo ispravan rad portala.<br \/>Bakarmet.eu koristi kola\u010di\u0107e tre\u0107ih strana (Google Adsense, Google analytics i Facebook) u svrhu pravilnog funkcioniranja komentara, pra\u0107enja posje\u0107enosti portala i integracije oglasa.<\/p>\r\n<h2>Vijesti<\/h2>\r\n<p><br \/>Autorske vijesti i dijelovi vijesti mogu se prenositi isklju\u010divo uz navo\u0111enje izvora i poveznice na izvornu vijest objavljenu na Bakarmet.eu portalu;<br \/>Bakarmet.eu nerijetko prenosi vijesti od tre\u0107ih strana, odnosno medija uz navo\u0111enje poveznice na izvornu vijest. Bakarmet.eu ne odgovara za nepo\u0107udni ili neprimjereni sadr\u017eaj koji se mo\u017ee na\u0107i na tre\u0107im stranicama do kojih vodi poveznica.<\/p>\r\n<h2><br \/>Prognoza<\/h2>\r\n<p><br \/>Bakarmet.eu ne jam\u010di za to\u010dnost prognoze, kao ni za redovito obnavljanje iste;<br \/>Informacije iz prognoze su informativne i kao takve ih treba uzeti s rezervnom;<br \/>Informacije izre\u010dene u prognozi koristite na vlastitu odgovornost;<br \/>Prognoza se ne smije prenositi ili na bilo koji na\u010din reproducirati bez suglasnosti i dogovora sa Bakarmet.eu.<\/p>\r\n<h2><br \/>Fotografije i video materijali<\/h2>\r\n<p><br \/>Korisnici koji samoinicijativno po\u0161alju materijale jam\u010de da je materijal isklju\u010divo njihovo vlasni\u0161tvo;<br \/>Slanjem fotografija i video materijala te dijeljenjem ostalih informacija sa Bakarmet.eu prihva\u0107ate da se materijali objave na portalu, a pristajete i na mogu\u0107nost preno\u0161enja istih od strane ostalih medija uz navo\u0111enje izvora (Bakarmet.eu) i autora;<br \/>Mediji koji prenose takav sadr\u017eaj du\u017eni su navesti izvor materijala te bez iznimke po\u0161tivati autorska prava.<\/p>\r\n<h2><br \/>Automatske meteorolo\u0161ke postaje<\/h2>\r\n<p><br \/>Bakarmet.eu publicira meteorolo\u0161ke podatke koje prikupljaju privatne i javne meteorolo\u0161ke postaje, a podaci su isklju\u010divo informativne naravi;<br \/>Bakarmet.eu ne jam\u010di za to\u010dnost mjerenja, kao ni za ispravan rad automatskih meteorolo\u0161kih postaja;<br \/>Bakarmet.eu ne kontrolira sve podatke s automatskih meteorolo\u0161kih postaja;<\/p>\r\n<h2><br \/>Pomo\u0107 i podr\u0161ka<\/h2>\r\n<p><br \/>Sve informacije mogu se zatra\u017eiti putem odgovaraju\u0107eg obrasca u odjeljku kontakt ili na bakarmeteo22@gmail.com.<\/p>\r\n<h2><br \/>Ogla\u0161avanje<\/h2>\r\n<p>Bakarmet.eu je pokrenut tijekom 2022. godine te od tada svakodnevno objavljujemo ve\u0107inom autorske vijesti uglavnom meteorolo\u0161ke tematike. U na\u0161em radu aktivno komuniciramo s na\u0161im posjetiteljima putem dru\u0161tvenih mre\u017ea i ostalim komunikacijskim kanalima.<\/p>\r\n<p>Za\u0161to se ogla\u0161avati na Bakarmet.eu?<br \/>Ogla\u0161avanjem na Bakarmet.eu svoj proizvod ili uslugu prezentirate odre\u0111enom broju posjetitelja, a time ujedno pru\u017eate potporu na\u0161em radu. Ogla\u0161avanje je mogu\u0107e u obliku bannera proizvoljnih dimenzija po Va\u0161oj \u017eelji, koji se mogu prikazivati na desktop i mobile sadr\u017eaju, i to na svim stranicama i pod-stranicama koje su dio Bakarmet.eu.<br \/><br \/><\/p>\r\n\r\n\r\n","protected":false},"excerpt":{"rendered":"<p>Uvjeti kori\u0161tenja Dobrodo\u0161li na Bakarmet.eu, servis na kojem mo\u017eete prona\u0107i informacije iz podru\u010dja meteorologije i srodnih znanosti. Uvjeti kori\u0161tenja primjenjuju se na sve sadr\u017eaje i usluge Bakarmet.eu portala. Kori\u0161tenjem portala smatra se da su korisnici upoznati s ovim uvjetima te prihva\u0107aju koristiti sadr\u017eaj ove web stranice isklju\u010divo za osobnu uporabu i na vlastitu odgovornost. Op\u0107i [&hellip;]<\/p>\n","protected":false},"author":1,"featured_media":0,"parent":0,"menu_order":0,"comment_status":"closed","ping_status":"open","template":"","meta":{"footnotes":""},"class_list":["post-476","page","type-page","status-publish","hentry"],"blocksy_meta":{"styles_descriptor":{"styles":{"desktop":"","tablet":"","mobile":""},"google_fonts":[],"version":6}},"aioseo_notices":[],"_links":{"self":[{"href":"https:\/\/bakarmet.eu\/index.php?rest_route=\/wp\/v2\/pages\/476","targetHints":{"allow":["GET"]}}],"collection":[{"href":"https:\/\/bakarmet.eu\/index.php?rest_route=\/wp\/v2\/pages"}],"about":[{"href":"https:\/\/bakarmet.eu\/index.php?rest_route=\/wp\/v2\/types\/page"}],"author":[{"embeddable":true,"href":"https:\/\/bakarmet.eu\/index.php?rest_route=\/wp\/v2\/users\/1"}],"replies":[{"embeddable":true,"href":"https:\/\/bakarmet.eu\/index.php?rest_route=%2Fwp%2Fv2%2Fcomments&post=476"}],"version-history":[{"count":5,"href":"https:\/\/bakarmet.eu\/index.php?rest_route=\/wp\/v2\/pages\/476\/revisions"}],"predecessor-version":[{"id":891,"href":"https:\/\/bakarmet.eu\/index.php?rest_route=\/wp\/v2\/pages\/476\/revisions\/891"}],"wp:attachment":[{"href":"https:\/\/bakarmet.eu\/index.php?rest_route=%2Fwp%2Fv2%2Fmedia&parent=476"}],"curies":[{"name":"wp","href":"https:\/\/api.w.org\/{rel}","templated":true}]}}