{"id":806,"date":"2022-11-23T02:24:07","date_gmt":"2022-11-23T01:24:07","guid":{"rendered":"https:\/\/bakarmet.eu\/?page_id=806"},"modified":"2026-04-11T13:39:24","modified_gmt":"2026-04-11T11:39:24","slug":"prognoza-vremena","status":"publish","type":"page","link":"https:\/\/bakarmet.eu\/?page_id=806","title":{"rendered":"Na\u0161a prognoza"},"content":{"rendered":"\t\t<div data-elementor-type=\"wp-page\" data-elementor-id=\"806\" class=\"elementor elementor-806\">\n\t\t\t\t\t\t<section class=\"elementor-section elementor-top-section elementor-element elementor-element-3f7357d elementor-section-boxed elementor-section-height-default elementor-section-height-default\" data-id=\"3f7357d\" data-element_type=\"section\" data-e-type=\"section\">\n\t\t\t\t\t\t<div class=\"elementor-container elementor-column-gap-default\">\n\t\t\t\t\t<div class=\"elementor-column elementor-col-100 elementor-top-column elementor-element elementor-element-5e6066f\" data-id=\"5e6066f\" data-element_type=\"column\" data-e-type=\"column\">\n\t\t\t<div class=\"elementor-widget-wrap elementor-element-populated\">\n\t\t\t\t\t\t<div class=\"elementor-element elementor-element-1842622 elementor-widget elementor-widget-image\" data-id=\"1842622\" data-element_type=\"widget\" data-e-type=\"widget\" data-widget_type=\"image.default\">\n\t\t\t\t<div class=\"elementor-widget-container\">\n\t\t\t\t\t\t\t\t\t\t\t\t\t\t\t<img fetchpriority=\"high\" decoding=\"async\" width=\"1024\" height=\"882\" src=\"https:\/\/bakarmet.eu\/wp-content\/uploads\/2026\/04\/1204-1024x882.png\" class=\"attachment-large size-large wp-image-12545\" alt=\"\" srcset=\"https:\/\/bakarmet.eu\/wp-content\/uploads\/2026\/04\/1204-1024x882.png 1024w, https:\/\/bakarmet.eu\/wp-content\/uploads\/2026\/04\/1204-300x258.png 300w, https:\/\/bakarmet.eu\/wp-content\/uploads\/2026\/04\/1204-768x661.png 768w, https:\/\/bakarmet.eu\/wp-content\/uploads\/2026\/04\/1204.png 1361w\" sizes=\"(max-width: 1024px) 100vw, 1024px\" \/>\t\t\t\t\t\t\t\t\t\t\t\t\t\t\t<\/div>\n\t\t\t\t<\/div>\n\t\t\t\t\t<\/div>\n\t\t<\/div>\n\t\t\t\t\t<\/div>\n\t\t<\/section>\n\t\t\t\t<section class=\"elementor-section elementor-top-section elementor-element elementor-element-fc6c9c4 elementor-section-boxed elementor-section-height-default elementor-section-height-default\" data-id=\"fc6c9c4\" data-element_type=\"section\" data-e-type=\"section\">\n\t\t\t\t\t\t<div class=\"elementor-container elementor-column-gap-default\">\n\t\t\t\t\t<div class=\"elementor-column elementor-col-100 elementor-top-column elementor-element elementor-element-beba785\" data-id=\"beba785\" data-element_type=\"column\" data-e-type=\"column\">\n\t\t\t<div class=\"elementor-widget-wrap elementor-element-populated\">\n\t\t\t\t\t\t<div class=\"elementor-element elementor-element-e711935 elementor-widget__width-initial elementor-widget elementor-widget-text-editor\" data-id=\"e711935\" data-element_type=\"widget\" data-e-type=\"widget\" data-widget_type=\"text-editor.default\">\n\t\t\t\t<div class=\"elementor-widget-container\">\n\t\t\t\t\t\t\t\t\t<h6>Prete\u017eno sun\u010dano i danju razmjerno toplo, prema gorju ujutro vi\u0161e naoblake. Vjetar na kopnu ve\u0107inom slab, u vi\u0161em gorju do umjeren sjeveroisto\u010dni, u Primorju ujutro burin, od sredine dana \u0107e na moru zapuhati jugo i ja\u010dati. Jutarnje temperature zraka prema gorju izme\u0111u -1 i 6, prema obali od 7 do 12 \u00b0C. Najvi\u0161e dnevne vrijednosti uglavnom od 19 do 23 \u00b0C.<\/h6>\t\t\t\t\t\t\t\t<\/div>\n\t\t\t\t<\/div>\n\t\t\t\t<div class=\"elementor-element elementor-element-d3cc468 elementor-widget elementor-widget-text-editor\" data-id=\"d3cc468\" data-element_type=\"widget\" data-e-type=\"widget\" data-widget_type=\"text-editor.default\">\n\t\t\t\t<div class=\"elementor-widget-container\">\n\t\t\t\t\t\t\t\t\t<p><strong>O\u010dekivana sinopti\u010dka karta<\/strong><\/p>\t\t\t\t\t\t\t\t<\/div>\n\t\t\t\t<\/div>\n\t\t\t\t\t<\/div>\n\t\t<\/div>\n\t\t\t\t\t<\/div>\n\t\t<\/section>\n\t\t\t\t<section class=\"elementor-section elementor-top-section elementor-element elementor-element-60d20230 elementor-section-height-min-height elementor-section-boxed elementor-section-height-default elementor-section-items-middle\" data-id=\"60d20230\" data-element_type=\"section\" data-e-type=\"section\">\n\t\t\t\t\t\t<div class=\"elementor-container elementor-column-gap-default\">\n\t\t\t\t\t<div class=\"elementor-column elementor-col-100 elementor-top-column elementor-element elementor-element-30969cc\" data-id=\"30969cc\" data-element_type=\"column\" data-e-type=\"column\">\n\t\t\t<div class=\"elementor-widget-wrap elementor-element-populated\">\n\t\t\t\t\t\t<div class=\"elementor-element elementor-element-a401937 elementor-widget elementor-widget-image\" data-id=\"a401937\" data-element_type=\"widget\" data-e-type=\"widget\" data-widget_type=\"image.default\">\n\t\t\t\t<div class=\"elementor-widget-container\">\n\t\t\t\t\t\t\t\t\t\t\t\t\t\t\t<img decoding=\"async\" width=\"800\" height=\"653\" src=\"https:\/\/bakarmet.eu\/wp-content\/uploads\/2026\/04\/1204_S.png\" class=\"attachment-large size-large wp-image-12544\" alt=\"\" srcset=\"https:\/\/bakarmet.eu\/wp-content\/uploads\/2026\/04\/1204_S.png 800w, https:\/\/bakarmet.eu\/wp-content\/uploads\/2026\/04\/1204_S-300x245.png 300w, https:\/\/bakarmet.eu\/wp-content\/uploads\/2026\/04\/1204_S-768x627.png 768w\" sizes=\"(max-width: 800px) 100vw, 800px\" \/>\t\t\t\t\t\t\t\t\t\t\t\t\t\t\t<\/div>\n\t\t\t\t<\/div>\n\t\t\t\t<div class=\"elementor-element elementor-element-cf2e147 elementor-widget elementor-widget-text-editor\" data-id=\"cf2e147\" data-element_type=\"widget\" data-e-type=\"widget\" data-widget_type=\"text-editor.default\">\n\t\t\t\t<div class=\"elementor-widget-container\">\n\t\t\t\t\t\t\t\t\t<p><strong>Geopotencijal na 500 hPa i temperatura zraka na 850 hPa (+10 dana)<\/strong><\/p>\t\t\t\t\t\t\t\t<\/div>\n\t\t\t\t<\/div>\n\t\t\t\t<div class=\"elementor-element elementor-element-590733ac elementor-widget__width-inherit elementor-widget elementor-widget-shortcode\" data-id=\"590733ac\" data-element_type=\"widget\" data-e-type=\"widget\" data-widget_type=\"shortcode.default\">\n\t\t\t\t<div class=\"elementor-widget-container\">\n\t\t\t\t\t\t\t<div class=\"elementor-shortcode\"><img src='https:\/\/images.meteociel.fr\/im\/6\/1893\/animajn9.gif' border=0><\/div>\n\t\t\t\t\t\t<\/div>\n\t\t\t\t<\/div>\n\t\t\t\t\t<\/div>\n\t\t<\/div>\n\t\t\t\t\t<\/div>\n\t\t<\/section>\n\t\t\t\t<section class=\"elementor-section elementor-top-section elementor-element elementor-element-bca48c6 elementor-section-boxed elementor-section-height-default elementor-section-height-default\" data-id=\"bca48c6\" data-element_type=\"section\" data-e-type=\"section\">\n\t\t\t\t\t\t<div class=\"elementor-container elementor-column-gap-default\">\n\t\t\t\t\t<div class=\"elementor-column elementor-col-100 elementor-top-column elementor-element elementor-element-5400b82b\" data-id=\"5400b82b\" data-element_type=\"column\" data-e-type=\"column\">\n\t\t\t<div class=\"elementor-widget-wrap elementor-element-populated\">\n\t\t\t\t\t\t<div class=\"elementor-element elementor-element-1368a264 elementor-widget__width-inherit elementor-widget elementor-widget-shortcode\" data-id=\"1368a264\" data-element_type=\"widget\" data-e-type=\"widget\" data-widget_type=\"shortcode.default\">\n\t\t\t\t<div class=\"elementor-widget-container\">\n\t\t\t\t\t\t\t<div class=\"elementor-shortcode\"><img src='https:\/\/images.meteociel.fr\/im\/16\/25436\/animrtk3.gif' border=0><\/div>\n\t\t\t\t\t\t<\/div>\n\t\t\t\t<\/div>\n\t\t\t\t\t<\/div>\n\t\t<\/div>\n\t\t\t\t\t<\/div>\n\t\t<\/section>\n\t\t\t\t<section class=\"elementor-section elementor-top-section elementor-element elementor-element-6bb891e elementor-section-height-min-height elementor-section-content-top elementor-hidden-mobile elementor-section-boxed elementor-section-height-default elementor-section-items-middle\" data-id=\"6bb891e\" data-element_type=\"section\" data-e-type=\"section\">\n\t\t\t\t\t\t<div class=\"elementor-container elementor-column-gap-default\">\n\t\t\t\t\t<div class=\"elementor-column elementor-col-100 elementor-top-column elementor-element elementor-element-b711e43\" data-id=\"b711e43\" data-element_type=\"column\" data-e-type=\"column\">\n\t\t\t<div class=\"elementor-widget-wrap elementor-element-populated\">\n\t\t\t\t\t\t<div class=\"elementor-element elementor-element-cfd2a02 elementor-widget__width-inherit elementor-invisible elementor-widget elementor-widget-shortcode\" data-id=\"cfd2a02\" data-element_type=\"widget\" data-e-type=\"widget\" data-settings=\"{&quot;_animation&quot;:&quot;bounceInDown&quot;}\" data-widget_type=\"shortcode.default\">\n\t\t\t\t<div class=\"elementor-widget-container\">\n\t\t\t\t\t\t\t<div class=\"elementor-shortcode\"><div class=\"bm-modal-header border-0 py-2 px-0 mr-2\">\n\t\t\t<span class=\"bm-text-muted small mr-3\">Kori\u0161tenjem na\u0161e web-lokacije prihva\u0107ate <a class=\"bm-text-reset\" href=\"https:\/\/bakarmet.eu\/?page_id=476&preview=true\/\" target=\"_blank\">Uvjete kori\u0161tenja<\/a> i <a class=\"bm-text-reset\" href=\"https:\/\/bakarmet.eu\/?page_id=3&preview=true\/\" target=\"_blank\">Politiku privatnosti<\/a>.<\/span>\n\t\t\t<button id=\"gdpr-button\" type=\"button\" class=\"bm-gtag-banner-gdpr btn-close\" style=\"background-clip: border-box;\" data-bs-dismiss=\"gdpr\" aria-label=\"Close\"><\/button>\n\t\t<\/div><\/div>\n\t\t\t\t\t\t<\/div>\n\t\t\t\t<\/div>\n\t\t\t\t<div class=\"elementor-element elementor-element-252c16b elementor-widget__width-inherit elementor-invisible elementor-widget elementor-widget-shortcode\" data-id=\"252c16b\" data-element_type=\"widget\" data-e-type=\"widget\" data-settings=\"{&quot;_animation&quot;:&quot;bounceInDown&quot;}\" data-widget_type=\"shortcode.default\">\n\t\t\t\t<div class=\"elementor-widget-container\">\n\t\t\t\t\t\t\t<div class=\"elementor-shortcode\"><div class=\"bm-py-3 text-center\">\n\t\t\t\t<ul class=\"bm-list-inline mb-0\">\n\t\t\t\t\t<li class=\"bm-list-inline-item\"><a id=\"footer-menu-contact\" class=\"bm-gtag-footer-menu text-reset text-decoration-none\" href=\"https:\/\/bakarmet.eu\/?page_id=14\">Kontakt<\/a><\/li>\n\t\t\t\t\t<li class=\"bm-list-inline-item\"><a id=\"footer-menu-terms\" class=\"bm-gtag-footer-menu text-reset text-decoration-none\" href=\"https:\/\/bakarmet.eu\/?page_id=476&preview=true\/\">Uvjeti kori\u0161tenja<\/a><\/li>\n\t\t\t\t\t<li class=\"bm-list-inline-item\"><a id=\"footer-menu-privacy\" class=\"bm-gtag-footer-menu text-reset text-decoration-none\" href=\"https:\/\/bakarmet.eu\/?page_id=3&preview=true\/\">Politika privatnosti<\/a><\/li>\n\t\t\t\t<\/ul>\n\t\t\t<\/div>\n\n\n\t\t\t<p class=\"bm-text-center\">Copyright 2022 \u00a9 Bakarmet.eu<\/p>\n\n\t\t<\/div>\n\t<\/div>\n\n<\/div>\n\t\t\t\t\t\t<\/div>\n\t\t\t\t<\/div>\n\t\t\t\t\t<\/div>\n\t\t<\/div>\n\t\t\t\t\t<\/div>\n\t\t<\/section>\n\t\t\t\t<\/div>\n\t\t","protected":false},"excerpt":{"rendered":"<p>Prete\u017eno sun\u010dano i danju razmjerno toplo, prema gorju ujutro vi\u0161e naoblake. Vjetar na kopnu ve\u0107inom slab, u vi\u0161em gorju do umjeren sjeveroisto\u010dni, u Primorju ujutro burin, od sredine dana \u0107e na moru zapuhati jugo i ja\u010dati. Jutarnje temperature zraka prema gorju izme\u0111u -1 i 6, prema obali od 7 do 12 \u00b0C. Najvi\u0161e dnevne vrijednosti [&hellip;]<\/p>\n","protected":false},"author":1,"featured_media":0,"parent":0,"menu_order":0,"comment_status":"closed","ping_status":"closed","template":"","meta":{"footnotes":""},"class_list":["post-806","page","type-page","status-publish","hentry"],"blocksy_meta":{"styles_descriptor":{"styles":{"desktop":"","tablet":"","mobile":""},"google_fonts":[],"version":6}},"aioseo_notices":[],"_links":{"self":[{"href":"https:\/\/bakarmet.eu\/index.php?rest_route=\/wp\/v2\/pages\/806","targetHints":{"allow":["GET"]}}],"collection":[{"href":"https:\/\/bakarmet.eu\/index.php?rest_route=\/wp\/v2\/pages"}],"about":[{"href":"https:\/\/bakarmet.eu\/index.php?rest_route=\/wp\/v2\/types\/page"}],"author":[{"embeddable":true,"href":"https:\/\/bakarmet.eu\/index.php?rest_route=\/wp\/v2\/users\/1"}],"replies":[{"embeddable":true,"href":"https:\/\/bakarmet.eu\/index.php?rest_route=%2Fwp%2Fv2%2Fcomments&post=806"}],"version-history":[{"count":6277,"href":"https:\/\/bakarmet.eu\/index.php?rest_route=\/wp\/v2\/pages\/806\/revisions"}],"predecessor-version":[{"id":12552,"href":"https:\/\/bakarmet.eu\/index.php?rest_route=\/wp\/v2\/pages\/806\/revisions\/12552"}],"wp:attachment":[{"href":"https:\/\/bakarmet.eu\/index.php?rest_route=%2Fwp%2Fv2%2Fmedia&parent=806"}],"curies":[{"name":"wp","href":"https:\/\/api.w.org\/{rel}","templated":true}]}}