{"id":836,"date":"2022-11-23T03:14:26","date_gmt":"2022-11-23T02:14:26","guid":{"rendered":"https:\/\/bakarmet.eu\/?page_id=836"},"modified":"2025-10-29T09:43:32","modified_gmt":"2025-10-29T08:43:32","slug":"o-nama","status":"publish","type":"page","link":"https:\/\/bakarmet.eu\/?page_id=836","title":{"rendered":"O nama"},"content":{"rendered":"\t\t<div data-elementor-type=\"wp-page\" data-elementor-id=\"836\" class=\"elementor elementor-836\">\n\t\t\t\t\t\t<section class=\"elementor-section elementor-top-section elementor-element elementor-element-49859c8d elementor-section-content-middle ct-section-stretched elementor-section-boxed elementor-section-height-default elementor-section-height-default\" data-id=\"49859c8d\" data-element_type=\"section\" data-e-type=\"section\" data-settings=\"{&quot;background_background&quot;:&quot;classic&quot;}\">\n\t\t\t\t\t\t\t<div class=\"elementor-background-overlay\"><\/div>\n\t\t\t\t\t\t\t<div class=\"elementor-container elementor-column-gap-no\">\n\t\t\t\t\t<div class=\"elementor-column elementor-col-100 elementor-top-column elementor-element elementor-element-12fd0a2d\" data-id=\"12fd0a2d\" data-element_type=\"column\" data-e-type=\"column\" data-settings=\"{&quot;background_background&quot;:&quot;classic&quot;}\">\n\t\t\t<div class=\"elementor-widget-wrap elementor-element-populated\">\n\t\t\t\t\t\t<section class=\"elementor-section elementor-inner-section elementor-element elementor-element-3464d089 elementor-section-content-middle elementor-section-boxed elementor-section-height-default elementor-section-height-default\" data-id=\"3464d089\" data-element_type=\"section\" data-e-type=\"section\">\n\t\t\t\t\t\t<div class=\"elementor-container elementor-column-gap-default\">\n\t\t\t\t\t<div class=\"elementor-column elementor-col-50 elementor-inner-column elementor-element elementor-element-10b859b\" data-id=\"10b859b\" data-element_type=\"column\" data-e-type=\"column\">\n\t\t\t<div class=\"elementor-widget-wrap elementor-element-populated\">\n\t\t\t\t\t\t<div class=\"elementor-element elementor-element-164ea288 elementor-widget-divider--view-line elementor-widget elementor-widget-divider\" data-id=\"164ea288\" data-element_type=\"widget\" data-e-type=\"widget\" data-widget_type=\"divider.default\">\n\t\t\t\t<div class=\"elementor-widget-container\">\n\t\t\t\t\t\t\t<div class=\"elementor-divider\">\n\t\t\t<span class=\"elementor-divider-separator\">\n\t\t\t\t\t\t<\/span>\n\t\t<\/div>\n\t\t\t\t\t\t<\/div>\n\t\t\t\t<\/div>\n\t\t\t\t\t<\/div>\n\t\t<\/div>\n\t\t\t\t<div class=\"elementor-column elementor-col-50 elementor-inner-column elementor-element elementor-element-558a601e\" data-id=\"558a601e\" data-element_type=\"column\" data-e-type=\"column\">\n\t\t\t<div class=\"elementor-widget-wrap elementor-element-populated\">\n\t\t\t\t\t\t<div class=\"elementor-element elementor-element-301445ab envato-kit-138-bracket elementor-widget elementor-widget-heading\" data-id=\"301445ab\" data-element_type=\"widget\" data-e-type=\"widget\" data-widget_type=\"heading.default\">\n\t\t\t\t<div class=\"elementor-widget-container\">\n\t\t\t\t\t<h3 class=\"elementor-heading-title elementor-size-default\">Bakarmet.info<\/h3>\t\t\t\t<\/div>\n\t\t\t\t<\/div>\n\t\t\t\t\t<\/div>\n\t\t<\/div>\n\t\t\t\t\t<\/div>\n\t\t<\/section>\n\t\t\t\t<div class=\"elementor-element elementor-element-378c8acf elementor-widget elementor-widget-image\" data-id=\"378c8acf\" data-element_type=\"widget\" data-e-type=\"widget\" data-widget_type=\"image.default\">\n\t\t\t\t<div class=\"elementor-widget-container\">\n\t\t\t\t\t\t\t\t\t\t\t\t\t\t\t<img fetchpriority=\"high\" decoding=\"async\" width=\"2008\" height=\"1033\" src=\"https:\/\/bakarmet.eu\/wp-content\/uploads\/2023\/11\/Bakarska-jesen-2013.jpg\" class=\"attachment-full size-full wp-image-4390\" alt=\"\" srcset=\"https:\/\/bakarmet.eu\/wp-content\/uploads\/2023\/11\/Bakarska-jesen-2013.jpg 2008w, https:\/\/bakarmet.eu\/wp-content\/uploads\/2023\/11\/Bakarska-jesen-2013-300x154.jpg 300w, https:\/\/bakarmet.eu\/wp-content\/uploads\/2023\/11\/Bakarska-jesen-2013-1024x527.jpg 1024w, https:\/\/bakarmet.eu\/wp-content\/uploads\/2023\/11\/Bakarska-jesen-2013-768x395.jpg 768w, https:\/\/bakarmet.eu\/wp-content\/uploads\/2023\/11\/Bakarska-jesen-2013-1536x790.jpg 1536w\" sizes=\"(max-width: 2008px) 100vw, 2008px\" \/>\t\t\t\t\t\t\t\t\t\t\t\t\t\t\t<\/div>\n\t\t\t\t<\/div>\n\t\t\t\t<div class=\"elementor-element elementor-element-32e077fe elementor-widget-mobile__width-inherit elementor-widget elementor-widget-text-editor\" data-id=\"32e077fe\" data-element_type=\"widget\" data-e-type=\"widget\" data-widget_type=\"text-editor.default\">\n\t\t\t\t<div class=\"elementor-widget-container\">\n\t\t\t\t\t\t\t\t\t<p>Na\u0161 interes je <a href=\"https:\/\/hr.wikipedia.org\/wiki\/Meteorologija\">meteorologija<\/a>, pra\u0107enje i analiza (sa postaja kao npr. &#8220;Kukuljanovo, donja cesta&#8221;) podataka o vremenu na podru\u010dju na\u0161e \u017eupanije. <a href=\"https:\/\/hr.wikipedia.org\/wiki\/Primorsko-goranska_%C5%BEupanija\">Primorsko-goranska \u017eupanija<\/a>\u00a0nalazi se na zapadu\u00a0<a title=\"Hrvatska\" href=\"https:\/\/hr.wikipedia.org\/wiki\/Hrvatska\">Hrvatske<\/a>, 3582 km\u00b2 kopnene povr\u0161ine. Obuhva\u0107a podru\u010dje grada Rijeke, sjeveroisto\u010dni dio istarskog poluotoka,\u00a0<a class=\"mw-redirect\" title=\"Kvarner\" href=\"https:\/\/hr.wikipedia.org\/wiki\/Kvarner\">Kvarnerske<\/a>\u00a0otoke,\u00a0<a title=\"Hrvatsko primorje\" href=\"https:\/\/hr.wikipedia.org\/wiki\/Hrvatsko_primorje\">Hrvatsko primorje<\/a>\u00a0i\u00a0<a title=\"Gorski kotar\" href=\"https:\/\/hr.wikipedia.org\/wiki\/Gorski_kotar\">Gorski kotar<\/a>. Sjedi\u0161te joj je\u00a0<a title=\"Rijeka\" href=\"https:\/\/hr.wikipedia.org\/wiki\/Rijeka\">Rijeka<\/a>, tre\u0107i po veli\u010dini hrvatski grad. Primorsko-goranska \u017eupanija sastoji se od 14 gradova, 22 op\u0107ine i 536 naselja u sastavu gradova i op\u0107ina. <sup id=\"cite_ref-3\" class=\"reference\"><\/sup>Duljina obalne crte u \u017eupaniji je 1065 km.<sup id=\"cite_ref-4\" class=\"reference\"><\/sup>\u00a0Najvi\u0161i vrh je\u00a0<a class=\"new\" title=\"Bjelolasica-Kula (stranica ne postoji)\" href=\"https:\/\/hr.wikipedia.org\/w\/index.php?title=Bjelolasica-Kula&amp;action=edit&amp;redlink=1\">Bjelolasica<\/a> &#8211; Kula (1534 m.), a najvi\u0161e naselje <a title=\"Begovo Razdolje\" href=\"https:\/\/hr.wikipedia.org\/wiki\/Begovo_Razdolje\">Begovo Razdolje<\/a>, na visini od 1060 m.<sup id=\"cite_ref-5\" class=\"reference\"><\/sup> Osobito nam je interesantna specifi\u010dna mikro klima na podru\u010dju lokalne uprave Grada <a title=\"Begovo Razdolje\" href=\"https:\/\/hr.wikipedia.org\/wiki\/Bakar_(grad)\">Bakra<\/a>. Njene granice prote\u017eu se od Bakarskog zaljeva sve do vrha planine Risnjak. Zauzimaju povr\u0161inu od oko 12560 ha. Obuhva\u0107aju grad Bakar i jo\u0161 8 naseljenih mjesta. To su, slijedom: \u0160krljevo, Kukuljanovo, Ponikve, Plosna, Krasica, Praputnjak, Hreljin i Zlobin. Tu su jo\u0161 zaseoci Plase i Gornje Jelenje. Svakodnevno objavljujemo <a href=\"https:\/\/hr.wikipedia.org\/wiki\/Vremenska_prognoza\">vremensku prognozu<\/a> za podru\u010dje \u017eupanije.<\/p><p>Bakar je drevna luka i jedan od najstarijih gradova na Jadranu. Sredozemno more najdublje se uvuklo u kopno upravo ovdje u Bakarskom zaljevu koji dose\u017ee dubinu do \u010dak 44 m!\u00a0<span style=\"font-size: inherit; text-align: inherit; letter-spacing: -0.4px; font-style: var(--fontStyle, inherit); text-transform: var(--textTransform);\">U njegovom naru\u010dju, Bakar se ponosno uzdigao na bre\u017euljku poput kamenog amfiteatra. \u010cak 5000 godina prisutan je na pozornici povijesti. Njegova jezgra registrirana je kao spomenik kulture 1968. godine. <\/span><\/p><p><span style=\"font-size: inherit; text-align: inherit; letter-spacing: -0.4px; font-style: var(--fontStyle, inherit); text-transform: var(--textTransform);\">Svaki korak njegovim uli\u010dicama te okolicom otkriva novu, uzbudljivu pri\u010du.\u00a0<\/span><span style=\"font-size: inherit; text-align: inherit; letter-spacing: -0.4px; font-style: var(--fontStyle, inherit); text-transform: var(--textTransform);\">Vinogradi ogra\u0111eni suhozidima poznati kao <a href=\"https:\/\/hr.wikipedia.org\/wiki\/Praputnjak\">Bakarski Prezidi (Takala)<\/a>, kr\u0161ko jezero koje nastaje i nestaje u <a href=\"https:\/\/www.morski.hr\/foto-ponikve-ili-jezero-sad-ga-ima-sad-ga-nema\/#:~:text=Ponikve%20su%20prirodni%20fenomen%20koji%20kombinacijom%20vrlo%20izda%C5%A1nog,privremenog%20%22sad%20ga%20ima%2C%20sad%20ga%20nema%22%20jezera.\">Ponikvama<\/a>, ru\u0161evine srednjovjekovnog grada <a href=\"https:\/\/hr.wikipedia.org\/wiki\/Hreljinska_gradina\">Hreljina<\/a> smje\u0161tene na litici 321 m iznad mora i vrh planine Risnjak, <a href=\"https:\/\/hr.wikipedia.org\/wiki\/Risnjak\">Veliki Risnjak<\/a> visine 1528 metara nad morem, predstavljaju samo neke od zanimljivosti koje Bakar i njegova okolica nude kao dobrodo\u0161licu svojim posjetiteljima.<\/span><\/p>\t\t\t\t\t\t\t\t<\/div>\n\t\t\t\t<\/div>\n\t\t\t\t\t<\/div>\n\t\t<\/div>\n\t\t\t\t\t<\/div>\n\t\t<\/section>\n\t\t\t\t<\/div>\n\t\t","protected":false},"excerpt":{"rendered":"<p>Bakarmet.info Na\u0161 interes je meteorologija, pra\u0107enje i analiza (sa postaja kao npr. &#8220;Kukuljanovo, donja cesta&#8221;) podataka o vremenu na podru\u010dju na\u0161e \u017eupanije. Primorsko-goranska \u017eupanija\u00a0nalazi se na zapadu\u00a0Hrvatske, 3582 km\u00b2 kopnene povr\u0161ine. Obuhva\u0107a podru\u010dje grada Rijeke, sjeveroisto\u010dni dio istarskog poluotoka,\u00a0Kvarnerske\u00a0otoke,\u00a0Hrvatsko primorje\u00a0i\u00a0Gorski kotar. Sjedi\u0161te joj je\u00a0Rijeka, tre\u0107i po veli\u010dini hrvatski grad. Primorsko-goranska \u017eupanija sastoji se od 14 [&hellip;]<\/p>\n","protected":false},"author":1,"featured_media":0,"parent":0,"menu_order":0,"comment_status":"closed","ping_status":"closed","template":"","meta":{"footnotes":""},"class_list":["post-836","page","type-page","status-publish","hentry"],"blocksy_meta":{"styles_descriptor":{"styles":{"desktop":"","tablet":"","mobile":""},"google_fonts":[],"version":6}},"aioseo_notices":[],"_links":{"self":[{"href":"https:\/\/bakarmet.eu\/index.php?rest_route=\/wp\/v2\/pages\/836","targetHints":{"allow":["GET"]}}],"collection":[{"href":"https:\/\/bakarmet.eu\/index.php?rest_route=\/wp\/v2\/pages"}],"about":[{"href":"https:\/\/bakarmet.eu\/index.php?rest_route=\/wp\/v2\/types\/page"}],"author":[{"embeddable":true,"href":"https:\/\/bakarmet.eu\/index.php?rest_route=\/wp\/v2\/users\/1"}],"replies":[{"embeddable":true,"href":"https:\/\/bakarmet.eu\/index.php?rest_route=%2Fwp%2Fv2%2Fcomments&post=836"}],"version-history":[{"count":159,"href":"https:\/\/bakarmet.eu\/index.php?rest_route=\/wp\/v2\/pages\/836\/revisions"}],"predecessor-version":[{"id":10609,"href":"https:\/\/bakarmet.eu\/index.php?rest_route=\/wp\/v2\/pages\/836\/revisions\/10609"}],"wp:attachment":[{"href":"https:\/\/bakarmet.eu\/index.php?rest_route=%2Fwp%2Fv2%2Fmedia&parent=836"}],"curies":[{"name":"wp","href":"https:\/\/api.w.org\/{rel}","templated":true}]}}